{"id":8930,"date":"2016-03-01T11:31:48","date_gmt":"2016-03-01T11:31:48","guid":{"rendered":"http:\/\/democontent.codex-themes.com\/thegem\/?page_id=8930"},"modified":"2021-07-17T04:23:13","modified_gmt":"2021-07-17T04:23:13","slug":"inicio","status":"publish","type":"page","link":"https:\/\/www.pedrazagomez.com\/blog\/","title":{"rendered":"Inicio"},"content":{"rendered":"<p>[vc_row full_width=&#8221;stretch_row&#8221; full_height=&#8221;yes&#8221; columns_placement=&#8221;top&#8221; content_placement=&#8221;top&#8221; disable_custom_paddings_mobile=&#8221;true&#8221; css=&#8221;.vc_custom_1596169995448{margin-bottom: 0px !important;background-image: url(https:\/\/www.pedrazagomez.com\/blog\/wp-content\/uploads\/2020\/07\/slider-1.jpg?id=24852) !important;background-position: center !important;background-repeat: no-repeat !important;background-size: cover !important;}&#8221;][vc_column css_animation=&#8221;bottom-to-top&#8221; offset=&#8221;vc_hidden-md vc_hidden-sm vc_hidden-xs&#8221;][vc_row_inner][vc_column_inner offset=&#8221;vc_hidden-lg vc_hidden-md vc_hidden-sm&#8221;]<div class=\"clearboth\"><\/div><div class=\"gem-divider \" style=\"margin-top: 25px;\"><\/div>[\/vc_column_inner][\/vc_row_inner][vc_row_inner][vc_column_inner offset=&#8221;vc_hidden-xs&#8221;]<div class=\"clearboth\"><\/div><div class=\"gem-divider \" style=\"margin-top: 150px;\"><\/div>[\/vc_column_inner][\/vc_row_inner][vc_column_text css_animation=&#8221;bottom-to-top&#8221;]<\/p>\n<div class=\"title-h1\">\n<h3><span style=\"color: #00bcd4;\">Asesores Estrat\u00e9gicos<\/span><\/h3>\n<\/div>\n<p>[\/vc_column_text]<div class=\"clearboth\"><\/div><div class=\"gem-divider \" style=\"margin-top: -20px;\"><\/div>[vc_row_inner][vc_column_inner width=&#8221;1\/2&#8243; offset=&#8221;vc_hidden-xs&#8221;]<div class=\"clearboth\"><\/div><div class=\"gem-divider \" style=\"margin-top: 15px;\"><\/div>[vc_column_text css_animation=&#8221;bottom-to-top&#8221;]<\/p>\n<div class=\"styled-subtitle\">Soluciones contables, administrativas, presupuestales y financieras para Instituciones Oficiales.<\/div>\n<p>[\/vc_column_text][\/vc_column_inner][vc_column_inner width=&#8221;1\/2&#8243;][\/vc_column_inner][\/vc_row_inner][vc_row_inner][vc_column_inner offset=&#8221;vc_hidden-xs&#8221;]<div class=\"clearboth\"><\/div><div class=\"gem-divider \" style=\"margin-top: 45px;\"><\/div>[\/vc_column_inner][\/vc_row_inner]<div class=\"gem-button-container gem-button-position-left\"><a class=\"gem-button gem-button-size-medium gem-button-style-outline gem-button-text-weight-normal gem-button-border-2\" style=\"border-radius: 0px;border-color: #00bcd4;color: #00bcd4;\" onmouseleave=\"this.style.borderColor='#00bcd4';this.style.backgroundColor='transparent';this.style.color='#00bcd4';\" onmouseenter=\"this.style.backgroundColor='#00bcd4';this.style.color='#ffffff';\" href=\"https:\/\/www.pedrazagomez.com\/blog\/nosotros\/\" target=\"_self\">Ver m\u00e1s<\/a><\/div> [vc_row_inner][vc_column_inner][\/vc_column_inner][\/vc_row_inner][\/vc_column][\/vc_row][vc_row][vc_column css=&#8221;.vc_custom_1550061167727{margin-top: -120px !important;}&#8221; offset=&#8221;vc_hidden-xs&#8221;][vc_column_text]<span style=\"color: #ffffff;\"><a class=\"mouse-scroll scroll-to-anchor\" style=\"color: #ffffff;\" href=\"#details\">mouse<\/a><\/span>[\/vc_column_text]<div class=\"clearboth\"><\/div><div class=\"gem-divider \" style=\"margin-top: 130px;\"><\/div>[\/vc_column][\/vc_row][vc_row full_width=&#8221;stretch_row_content&#8221; equal_height=&#8221;yes&#8221;][vc_column css=&#8221;.vc_custom_1581076869788{padding-left: 60px !important;background-color: #00bcd4 !important;}&#8221; offset=&#8221;vc_col-lg-4&#8243;]<div class=\"clearboth\"><\/div><div class=\"gem-divider divider-hidden\" style=\"margin-top: 45px;\"><\/div>[vc_column_text el_class=&#8221;littleTitle&#8221; css=&#8221;.vc_custom_1615756866358{padding-top: 20px !important;}&#8221;]<\/p>\n<div class=\"title-h1\"><span style=\"color: #ffffff;\">Nuestros servicios<\/span><\/div>\n<p>[\/vc_column_text]<div class=\"clearboth\"><\/div><div class=\"gem-divider \" style=\"margin-top: 30px;\"><\/div>[vc_column_text css=&#8221;.vc_custom_1615756926482{padding-right: 50px !important;}&#8221;]<\/p>\n<h6><span style=\"color: #ffffff;\">Con calidad y dedicaci\u00f3n brindamos asesor\u00eda permanente a instituciones educativas del sector p\u00fablico.<\/span><\/h6>\n<p>[\/vc_column_text]<div class=\"clearboth\"><\/div><div class=\"gem-divider \" style=\"margin-top: 58px;\"><\/div>[\/vc_column][vc_column css=&#8221;.vc_custom_1456731799407{background-color: #f0f3f2 !important;}&#8221; offset=&#8221;vc_col-lg-8&#8243;]<div class=\"clearboth\"><\/div><div class=\"gem-divider divider-hidden\" style=\"margin-top: 61px;\"><\/div><div class=\"clearboth\"><\/div><div class=\"gem-divider \" style=\"margin-top: 20px;\"><\/div>[vc_row_inner css=&#8221;.vc_custom_1586773535274{margin-bottom: 0px !important;}&#8221;][vc_column_inner disable_custom_paddings_mobile=&#8221;true&#8221; css=&#8221;.vc_custom_1587548770237{padding-left: 60px !important;}&#8221; offset=&#8221;vc_col-lg-4&#8243;]<div class=\"gem-icon-with-text gem-icon-with-text-icon-size-medium gem-icon-with-text-float-right gem-icon-with-text-flow\"><div style=\"margin-bottom:0px;margin-top:0px; \" class=\"gem-icon-with-text-icon\"><div class=\"gem-icon gem-icon-pack-elegant gem-icon-size-medium  gem-icon-shape-square gem-simple-icon\" style=\"opacity: 1;\"><div class=\"gem-icon-inner\" style=\"\"><span class=\"gem-icon-half-1\" style=\"color: #3b8bed;\"><span class=\"back-angle\">&#xe0ed;<\/span><\/span><span class=\"gem-icon-half-2\" style=\"color: #3b8bed;\"><span class=\"back-angle\">&#xe0ed;<\/span><\/span><\/div><\/div><\/div><div class=\"gem-icon-with-text-content\" ><div class=\"gem-icon-with-text-text\"><div class=\"clearboth\"><\/div><div class=\"gem-divider \" style=\"margin-top: 26px;\"><\/div>[vc_column_text css_animation=&#8221;bottom-to-top&#8221;]<\/p>\n<div class=\"title-h4\">asesor\u00eda contable y tributaria<\/div>\n<p>[\/vc_column_text]<\/div><\/div><div class=\"clearboth\"><\/div><\/div>[\/vc_column_inner][vc_column_inner el_class=&#8221;custom-column2&#8243; disable_custom_paddings_mobile=&#8221;true&#8221; css=&#8221;.vc_custom_1587548774484{padding-left: 60px !important;}&#8221; offset=&#8221;vc_col-lg-4&#8243;]<div class=\"gem-icon-with-text gem-icon-with-text-icon-size-medium gem-icon-with-text-float-right gem-icon-with-text-flow\"><div style=\"margin-bottom:0px;margin-top:0px; \" class=\"gem-icon-with-text-icon\"><div class=\"gem-icon gem-icon-pack-elegant gem-icon-size-medium  gem-icon-shape-square gem-simple-icon\" style=\"opacity: 1;\"><div class=\"gem-icon-inner\" style=\"\"><span class=\"gem-icon-half-1\" style=\"color: #00bcd4;\"><span class=\"back-angle\">&#xe086;<\/span><\/span><span class=\"gem-icon-half-2\" style=\"color: #00bcd4;\"><span class=\"back-angle\">&#xe086;<\/span><\/span><\/div><\/div><\/div><div class=\"gem-icon-with-text-content\" ><div class=\"gem-icon-with-text-text\"><div class=\"clearboth\"><\/div><div class=\"gem-divider \" style=\"margin-top: 26px;\"><\/div>[vc_column_text css_animation=&#8221;bottom-to-top&#8221;]<\/p>\n<div class=\"title-h4\">Tenedur\u00eda<br \/>\nde libros<\/div>\n<p>[\/vc_column_text]<\/div><\/div><div class=\"clearboth\"><\/div><\/div>[\/vc_column_inner][vc_column_inner el_class=&#8221;custom-column&#8221; disable_custom_paddings_mobile=&#8221;true&#8221; css=&#8221;.vc_custom_1587548778620{padding-left: 60px !important;}&#8221; offset=&#8221;vc_col-lg-4&#8243;]<div class=\"gem-icon-with-text gem-icon-with-text-icon-size-medium gem-icon-with-text-float-right gem-icon-with-text-flow\"><div style=\"margin-bottom:0px;margin-top:0px; \" class=\"gem-icon-with-text-icon\"><div class=\"gem-icon gem-icon-pack-elegant gem-icon-size-medium  gem-icon-shape-square gem-simple-icon\" style=\"opacity: 1;\"><div class=\"gem-icon-inner\" style=\"\"><span class=\"gem-icon-half-1\" style=\"color: #3b8bed;\"><span class=\"back-angle\">&#xe101;<\/span><\/span><span class=\"gem-icon-half-2\" style=\"color: #3b8bed;\"><span class=\"back-angle\">&#xe101;<\/span><\/span><\/div><\/div><\/div><div class=\"gem-icon-with-text-content\" ><div class=\"gem-icon-with-text-text\"><div class=\"clearboth\"><\/div><div class=\"gem-divider \" style=\"margin-top: 26px;\"><\/div>[vc_column_text css_animation=&#8221;bottom-to-top&#8221;]<\/p>\n<div class=\"title-h4\">Auditor\u00eda financiera<\/div>\n<p>[\/vc_column_text]<div class=\"clearboth\"><\/div><div class=\"gem-divider \" style=\"margin-top: 130px;\"><\/div><\/div><\/div><div class=\"clearboth\"><\/div><\/div>[\/vc_column_inner][\/vc_row_inner]<div class=\"clearboth\"><\/div><div class=\"gem-divider \" style=\"margin-top: 80px;\"><\/div>[\/vc_column][\/vc_row][vc_row full_width=&#8221;stretch_row_content_no_spaces&#8221; equal_height=&#8221;yes&#8221; el_class=&#8221;no-paddings-row&#8221; css=&#8221;.vc_custom_1457528526706{margin-bottom: 0px !important;}&#8221;][vc_column css_animation=&#8221;none&#8221; css=&#8221;.vc_custom_1615760472063{padding-top: 281px !important;padding-bottom: 230px !important;background-image: url(https:\/\/www.pedrazagomez.com\/blog\/wp-content\/uploads\/2019\/01\/0IMG_0020150728_134603766.jpg?id=14) !important;background-position: center !important;background-repeat: no-repeat !important;background-size: cover !important;}&#8221; offset=&#8221;vc_col-lg-6 vc_col-md-6 vc_col-xs-12&#8243;][\/vc_column][vc_column css_animation=&#8221;none&#8221; disable_custom_paddings_tablet=&#8221;true&#8221; disable_custom_paddings_mobile=&#8221;true&#8221; css=&#8221;.vc_custom_1596238537126{padding-top: 30px !important;padding-right: 30px !important;padding-bottom: 30px !important;padding-left: 30px !important;background-color: #f0f3f2 !important;}&#8221; offset=&#8221;vc_col-lg-6 vc_col-md-6 vc_col-xs-12&#8243;][vc_row_inner disable_custom_paddings_tablet=&#8221;true&#8221; disable_custom_paddings_mobile=&#8221;true&#8221; css=&#8221;.vc_custom_1554905750957{border-top-width: 7px !important;border-right-width: 7px !important;border-bottom-width: 7px !important;border-left-width: 7px !important;padding-right: 60px !important;padding-left: 60px !important;border-left-color: #ffffff !important;border-left-style: solid !important;border-right-color: #ffffff !important;border-right-style: solid !important;border-top-color: #ffffff !important;border-top-style: solid !important;border-bottom-color: #ffffff !important;border-bottom-style: solid !important;}&#8221;][vc_column_inner]<div class=\"clearboth\"><\/div><div class=\"gem-divider \" style=\"margin-top: 40px;\"><\/div>[vc_column_text css_animation=&#8221;bottom-to-top&#8221;]<\/p>\n<h5 style=\"text-align: center;\"><span class=\"light\" style=\"color: #3c3950;\">nuestra<\/span><\/h5>\n<p>[\/vc_column_text][vc_column_text css_animation=&#8221;bottom-to-top&#8221;]<\/p>\n<h1 style=\"text-align: center;\"><span style=\"color: #3c3950;\">historia<\/span><\/h1>\n<p>[\/vc_column_text]<div class=\"clearboth\"><\/div><div class=\"gem-divider \" style=\"margin-top: 40px;\"><\/div>[vc_column_text css_animation=&#8221;bottom-to-top&#8221; css=&#8221;.vc_custom_1596162779058{padding-right: 10px !important;padding-left: 10px !important;}&#8221;]<em><strong>\u201cPedraza G\u00f3mez Asesores y Consultores, una empresa nacida en el a\u00f1o 2015 de una semilla sembrada en 1996\u201d.<\/strong><\/em><\/p>\n<p>En el a\u00f1o 1996, la Contadur\u00eda General de la Naci\u00f3n estableci\u00f3 que las Instituciones Educativas del orden Nacional, deb\u00edan adoptar el Plan General de Contabilidad P\u00fablica (PGCP).[\/vc_column_text]<div class=\"clearboth\"><\/div><div class=\"gem-divider \" style=\"margin-top: 20px;\"><\/div><div class=\"gem-button-container gem-button-position-center lazy-loading\"><a class=\"gem-button gem-button-size-medium gem-button-style-outline gem-button-text-weight-normal gem-button-border-3 lazy-loading-item\"data-ll-effect=\"drop-right-without-wrap\" style=\"border-radius: 0px;border-color: #3c3950;color: #3c3950;\" onmouseleave=\"this.style.borderColor='#3c3950';this.style.backgroundColor='transparent';this.style.color='#3c3950';\" onmouseenter=\"this.style.backgroundColor='#3c3950';this.style.color='#ffffff';\" href=\"https:\/\/www.pedrazagomez.com\/blog\/nosotros\/\" target=\"_self\">Conozca nuestra historia<\/a><\/div> <div class=\"clearboth\"><\/div><div class=\"gem-divider \" style=\"margin-top: 45px;\"><\/div>[\/vc_column_inner][\/vc_row_inner][\/vc_column][\/vc_row][vc_row full_width=&#8221;stretch_row&#8221; css=&#8221;.vc_custom_1615760526600{margin-bottom: 0px !important;padding-top: 50px !important;padding-bottom: 115px !important;background-color: #f0f3f2 !important;}&#8221;][vc_column width=&#8221;1\/3&#8243; offset=&#8221;vc_col-lg-3 vc_col-md-3&#8243; css=&#8221;.vc_custom_1615760316129{margin-top: 30px !important;margin-left: 140px !important;padding-bottom: -10px !important;}&#8221;]<div data-number-format=\"(ddd).ddd\" class=\"gem-counter-box row inline-row inline-row-center gem-counter-style-1 lazy-loading lazy-loading-not-hide\" data-ll-item-delay=\"0\"><div class=\"gem-counter col-xs-12 inline-column gem-counter-effect-simple\"><div class=\"gem-counter-inner\"><div class=\"gem-counter-number\" style=\"color: #00bcd4\"><div class=\"gem-counter-odometer\" data-to=\"25\">0<\/div><\/div><\/div><\/div><\/div>[vc_separator color=&#8221;custom&#8221; border_width=&#8221;3&#8243; el_width=&#8221;30&#8243; accent_color=&#8221;#ffcd20&#8243; css=&#8221;.vc_custom_1583838319173{margin-top: -68px !important;margin-bottom: 15px !important;}&#8221;][vc_column_text]<\/p>\n<div class=\"styled-subtitle\" style=\"text-align: center;\">A\u00d1OS DE EXPERIENCIA<\/div>\n<p>[\/vc_column_text][\/vc_column][vc_column width=&#8221;1\/3&#8243; offset=&#8221;vc_col-lg-3 vc_col-md-3&#8243; css=&#8221;.vc_custom_1615760329442{margin-top: 30px !important;margin-left: 140px !important;padding-bottom: -10px !important;}&#8221;]<div data-number-format=\"(ddd).ddd\" class=\"gem-counter-box row inline-row inline-row-center gem-counter-style-1 lazy-loading lazy-loading-not-hide\" data-ll-item-delay=\"0\"><div class=\"gem-counter col-xs-12 inline-column gem-counter-effect-simple\"><div class=\"gem-counter-inner\"><div class=\"gem-counter-number\" style=\"color: #00bcd4\"><div class=\"gem-counter-odometer\" data-to=\"6\">0<\/div><\/div><\/div><\/div><\/div>[vc_separator color=&#8221;custom&#8221; border_width=&#8221;3&#8243; el_width=&#8221;30&#8243; accent_color=&#8221;#ffcd20&#8243; css=&#8221;.vc_custom_1583838319173{margin-top: -68px !important;margin-bottom: 15px !important;}&#8221;][vc_column_text]<\/p>\n<div class=\"styled-subtitle\" style=\"text-align: center;\">A\u00d1OS CONSTITUIDOS COMO EMPRESA<\/div>\n<p>[\/vc_column_text][\/vc_column][vc_column width=&#8221;1\/3&#8243; offset=&#8221;vc_col-lg-3 vc_col-md-3&#8243; css=&#8221;.vc_custom_1615760341877{margin-top: 30px !important;margin-left: 140px !important;padding-bottom: -10px !important;}&#8221;]<div data-number-format=\"(ddd).ddd\" class=\"gem-counter-box row inline-row inline-row-center gem-counter-style-1 lazy-loading lazy-loading-not-hide\" data-ll-item-delay=\"0\"><div class=\"gem-counter col-xs-12 inline-column gem-counter-effect-simple\"><div class=\"gem-counter-inner\"><div class=\"gem-counter-number\" style=\"color: #00bcd4\"><div class=\"gem-counter-odometer\" data-to=\"165\">0<\/div><\/div><\/div><\/div><\/div>[vc_separator color=&#8221;custom&#8221; border_width=&#8221;3&#8243; el_width=&#8221;30&#8243; accent_color=&#8221;#ffcd20&#8243; css=&#8221;.vc_custom_1583838319173{margin-top: -68px !important;margin-bottom: 15px !important;}&#8221;][vc_column_text]<\/p>\n<div class=\"styled-subtitle\" style=\"text-align: center;\">CLIENTES ACTIVOS<\/div>\n<p>[\/vc_column_text][\/vc_column][\/vc_row][vc_row full_width=&#8221;stretch_row&#8221; css=&#8221;.vc_custom_1596245117272{margin-bottom: 0px !important;background-image: url(https:\/\/www.pedrazagomez.com\/blog\/wp-content\/uploads\/2020\/08\/fondo-circulares2.jpg?id=248241) !important;background-position: center !important;background-repeat: no-repeat !important;background-size: cover !important;}&#8221; custom_css_code=&#8221;JTQwbWVkaWElMjAlMjhtYXgtd2lkdGglM0ElMjAxMTk5cHglMjklN0IlMEElMjAlMjAlMjAlMjAlMjAlNDBpZC53cGJfcm93JTNFJTJBJTdCJTBBJTIwJTIwJTIwJTIwJTIwJTIwJTIwJTIwbWFyZ2luLXRvcCUzQSUyMDAlM0IlMEElMjAlMjAlMjAlMjAlN0QlMEElN0QlMEElNDBtZWRpYSUyMCUyOG1heC13aWR0aCUzQSUyMDc2OHB4JTI5JTdCJTBBJTIwJTIwJTIwJTIwLmdlbS13cmFwYm94LXBvc2l0aW9uLWNlbnRlcmVkJTIwJTdCJTBBJTIwJTIwJTIwJTIwJTIwJTIwJTIwJTIwZGlzcGxheSUzQSUyMGlubGluZS1ibG9jayUzQiUwQSUyMCUyMCUyMCUyMCUyMCUyMCUyMCUyMG1heC13aWR0aCUzQSUyMDkwJTI1JTNCJTBBJTIwJTIwJTIwJTIwJTdEJTBBJTdE&#8221;][vc_column]<div class=\"clearboth\"><\/div><div class=\"gem-divider \" style=\"margin-top: 60px;\"><\/div>[vc_column_text css_animation=&#8221;bottom-to-top&#8221;]<\/p>\n<h2 style=\"text-align: center;\"><span style=\"color: #ffffff;\">circulares y normatividad<\/span><\/h2>\n<p>[\/vc_column_text]<div class=\"clearboth\"><\/div><div class=\"gem-divider \" style=\"margin-top: 20px;\"><\/div><div class=\"gem-button-container gem-button-position-center lazy-loading\"><a title=\"Circulares y Normatividad\" class=\"gem-button gem-button-size-medium gem-button-style-outline gem-button-text-weight-normal gem-button-border-3 lazy-loading-item\"data-ll-effect=\"drop-right-without-wrap\" style=\"border-radius: 0px;border-color: #ffffff;color: #ffffff;\" onmouseleave=\"this.style.borderColor='#ffffff';this.style.backgroundColor='transparent';this.style.color='#ffffff';\" onmouseenter=\"this.style.backgroundColor='#3c3950';this.style.color='#ffffff';\" href=\"https:\/\/www.pedrazagomez.com\/blog\/circulares\/\" target=\"_self\">ver m\u00e1s<\/a><\/div> <div class=\"clearboth\"><\/div><div class=\"gem-divider \" style=\"margin-top: 60px;\"><\/div>[\/vc_column][\/vc_row][vc_row equal_height=&#8221;yes&#8221; content_placement=&#8221;top&#8221; css=&#8221;.vc_custom_1614061196201{margin-bottom: 0px !important;}&#8221; custom_css_code=&#8221;JTQwbWVkaWElMjAlMjhtYXgtd2lkdGglM0ElMjAxMTk5cHglMjklN0IlMEElMjAlMjAlMjAlMjAucm93JTNFJTJBJTJDJTBBJTIwJTIwJTIwJTIwLnJvdyUyMCU3QiUwQSUyMCUyMCUyMCUyMCUyMCUyMCUyMCUyMG1hcmdpbi10b3AlM0ElMjAwJTNCJTBBJTIwJTIwJTIwJTIwJTdEJTBBJTdEJTBBdGV4dGFyZWElMjAlN0IlMEElMjAlMjAlMjAlMjBoZWlnaHQlM0ElMjAxMzBweCUzQiUwQSU3RCUwQS53cGNmNy1mb3JtJTIwaW5wdXQud3BjZjctdGV4dCUyQyUwQS53cGNmNy1mb3JtJTIwdGV4dGFyZWElMjAlN0IlMEElMjAlMjAlMjAlMjBiYWNrZ3JvdW5kLWNvbG9yJTNBJTIwJTIzZmZmJTNCJTBBJTdEJTBBLndwY2Y3LWZvcm0lMjAud3BjZjctc3VibWl0JTdCJTBBJTIwJTIwJTIwJTIwZGlzcGxheSUzQSUyMGJsb2NrJTNCJTBBJTIwJTIwJTIwJTIwd2lkdGglM0ElMjBhdXRvJTNCJTBBJTIwJTIwJTIwJTIwZm9udC1zaXplJTNBJTIwMTZweCUzQiUwQSUyMCUyMCUyMCUyMGxldHRlci1zcGFjaW5nJTNBJTIwMC44cHglM0IlMEElMjAlMjAlMjAlMjBib3JkZXItcmFkaXVzJTNBJTIwMCUzQiUwQSU3RCUwQSUzQSUzQXBsYWNlaG9sZGVyJTdCJTBBJTIwJTIwJTIwJTIwY29sb3IlM0ElMjAlMjM1ZjcyN2YlM0IlMEElN0Q=&#8221; el_id=&#8221;contacto&#8221;][vc_column]<div class=\"clearboth\"><\/div><div class=\"gem-divider \" style=\"margin-top: 145px;\"><\/div>[\/vc_column][vc_column offset=&#8221;vc_col-lg-6 vc_col-md-6&#8243;][vc_column_text css_animation=&#8221;bottom-to-top&#8221; css=&#8221;.vc_custom_1596171855403{margin-top: -12px !important;}&#8221;]<\/p>\n<div class=\"title-h2\"><span style=\"color: #2c2e3d;\">cont\u00e1ctenos<\/span><\/div>\n<p>[\/vc_column_text]<div class=\"clearboth\"><\/div><div class=\"gem-divider \" style=\"margin-top: 40px;\"><\/div>[vc_column_text css_animation=&#8221;bottom-to-top&#8221;]<\/p>\n<div class=\"styled-subtitle\">Contacte a cualquiera de nuestros asesores o ingrese sus datos en el siguiente formulario. Responderemos lo m\u00e1s pronto posible.<\/div>\n<p>[\/vc_column_text]<div class=\"clearboth\"><\/div><div class=\"gem-divider \" style=\"margin-top: 48px;\"><\/div><div role=\"form\" class=\"wpcf7\" id=\"wpcf7-f912-o1\" lang=\"en-US\" dir=\"ltr\">\n<div class=\"screen-reader-response\"><p role=\"status\" aria-live=\"polite\" aria-atomic=\"true\"><\/p> <ul><\/ul><\/div>\n<form action=\"\/blog\/wp-json\/wp\/v2\/pages\/8930#wpcf7-f912-o1\" method=\"post\" class=\"wpcf7-form init\" novalidate=\"novalidate\" data-status=\"init\">\n<div style=\"display: none;\">\n<input type=\"hidden\" name=\"_wpcf7\" value=\"912\" \/>\n<input type=\"hidden\" name=\"_wpcf7_version\" value=\"5.3.2\" \/>\n<input type=\"hidden\" name=\"_wpcf7_locale\" value=\"en_US\" \/>\n<input type=\"hidden\" name=\"_wpcf7_unit_tag\" value=\"wpcf7-f912-o1\" \/>\n<input type=\"hidden\" name=\"_wpcf7_container_post\" value=\"0\" \/>\n<input type=\"hidden\" name=\"_wpcf7_posted_data_hash\" value=\"\" \/>\n<\/div>\n<div class=\"contact-form row\">\n<div class=\"col-lg-12 col-md-12 col-xs-12\" style=\"margin-bottom:25px;\">\n<div class=\"form-line\">\n\t\t\t<span class=\"wpcf7-form-control-wrap your-name\"><input type=\"text\" name=\"your-name\" value=\"\" size=\"40\" class=\"wpcf7-form-control wpcf7-text wpcf7-validates-as-required\" aria-required=\"true\" aria-invalid=\"false\" placeholder=\"Nombre*\" \/><\/span>\n\t\t<\/div><\/div>\n<div class=\"col-lg-12 col-md-12 col-xs-12\" style=\"margin-bottom:25px;\">\n<div class=\"form-line\">\n\t\t\t<span class=\"wpcf7-form-control-wrap your-email\"><input type=\"email\" name=\"your-email\" value=\"\" size=\"40\" class=\"wpcf7-form-control wpcf7-text wpcf7-email wpcf7-validates-as-required wpcf7-validates-as-email\" aria-required=\"true\" aria-invalid=\"false\" placeholder=\"Email*\" \/><\/span>\n\t\t<\/div><\/div>\n<div class=\"col-lg-12 col-md-12 col-xs-12\" style=\"margin-bottom:25px;\">\n<div class=\"form-line\">\n\t\t\t<span class=\"wpcf7-form-control-wrap telefono\"><input type=\"text\" name=\"telefono\" value=\"\" size=\"40\" class=\"wpcf7-form-control wpcf7-text wpcf7-validates-as-required\" aria-required=\"true\" aria-invalid=\"false\" placeholder=\"Tel\u00e9fono\" \/><\/span>\n\t\t<\/div><\/div>\n<div class=\"col-lg-12 col-md-12 col-xs-12\" style=\"margin-bottom:20px;\">\n<div class=\"form-line\"><span class=\"wpcf7-form-control-wrap your-message\"><textarea name=\"your-message\" cols=\"40\" rows=\"4\" class=\"wpcf7-form-control wpcf7-textarea wpcf7-validates-as-required\" aria-required=\"true\" aria-invalid=\"false\" placeholder=\"Mensaje\"><\/textarea><\/span><\/div><\/div>\n<div class=\"col-lg-12 col-md-12 col-xs-12\">\n<div class=\"form-line-button\"><input type=\"submit\" value=\"Enviar\" class=\"wpcf7-form-control wpcf7-submit\" \/><\/div><\/div>\n<\/div>\n<div class=\"wpcf7-response-output\" aria-hidden=\"true\"><\/div><\/form><\/div>[\/vc_column][vc_column offset=&#8221;vc_col-lg-6 vc_col-md-6&#8243;]<div class=\"clearboth\"><\/div><div class=\"gem-divider \" style=\"margin-top: 45px;\"><\/div>[vc_single_image image=&#8221;248366&#8243; img_size=&#8221;medium&#8221; alignment=&#8221;center&#8221; style=&#8221;vc_box_circle_2&#8243;]<div class=\"clearboth\"><\/div><div class=\"gem-divider \" style=\"margin-top: 45px;\"><\/div>[vc_column_text]<\/p>\n<h4 style=\"text-align: center;\"><span style=\"color: #3c3950;\">nuestros asesores<\/span><\/h4>\n<p>[\/vc_column_text]<div class=\"clearboth\"><\/div><div class=\"gem-divider \" style=\"margin-top: -10px;\"><\/div>[vc_column_text]<\/p>\n<p style=\"text-align: center; max-width: 430px; margin: 0 auto;\">Conozca a nuestros asesores o auxiliares quienes le har\u00e1n acompa\u00f1amiento y le brindar\u00e1n la informaci\u00f3n necesaria.<\/p>\n<p>[\/vc_column_text]<div class=\"gem-button-container gem-button-position-center lazy-loading\"><a title=\"Nuestro Equipo\" class=\"gem-button gem-button-size-medium gem-button-style-outline gem-button-text-weight-normal gem-button-border-3 lazy-loading-item\"data-ll-effect=\"drop-right-without-wrap\" style=\"border-radius: 0px;border-color: #3c3950;color: #3c3950;\" onmouseleave=\"this.style.borderColor='#3c3950';this.style.backgroundColor='transparent';this.style.color='#3c3950';\" onmouseenter=\"this.style.backgroundColor='#3c3950';this.style.color='#ffffff';\" href=\"https:\/\/www.pedrazagomez.com\/blog\/nosotros\/#equipo\" target=\"_self\">ver m\u00e1s<\/a><\/div> [\/vc_column][vc_column]<div class=\"clearboth\"><\/div><div class=\"gem-divider \" style=\"margin-top: 80px;\"><\/div>[\/vc_column][\/vc_row][vc_row][vc_column]<div class=\"clearboth\"><\/div><div class=\"gem-divider \" style=\"\"><\/div>[\/vc_column][\/vc_row]<\/p>\n","protected":false},"excerpt":{"rendered":"<p>[vc_row full_width=&#8221;stretch_row&#8221; full_height=&#8221;yes&#8221; columns_placement=&#8221;top&#8221; content_placement=&#8221;top&#8221; disable_custom_paddings_mobile=&#8221;true&#8221; css=&#8221;.vc_custom_1596169995448{margin-bottom: 0px !important;background-image: url(https:\/\/www.pedrazagomez.com\/blog\/wp-content\/uploads\/2020\/07\/slider-1.jpg?id=24852) !important;background-position: center !important;background-repeat: no-repeat !important;background-size: cover !important;}&#8221;][vc_column css_animation=&#8221;bottom-to-top&#8221; offset=&#8221;vc_hidden-md vc_hidden-sm&#8230;<\/p>\n","protected":false},"author":2,"featured_media":0,"parent":0,"menu_order":0,"comment_status":"closed","ping_status":"closed","template":"","meta":[],"_links":{"self":[{"href":"https:\/\/www.pedrazagomez.com\/blog\/wp-json\/wp\/v2\/pages\/8930"}],"collection":[{"href":"https:\/\/www.pedrazagomez.com\/blog\/wp-json\/wp\/v2\/pages"}],"about":[{"href":"https:\/\/www.pedrazagomez.com\/blog\/wp-json\/wp\/v2\/types\/page"}],"author":[{"embeddable":true,"href":"https:\/\/www.pedrazagomez.com\/blog\/wp-json\/wp\/v2\/users\/2"}],"replies":[{"embeddable":true,"href":"https:\/\/www.pedrazagomez.com\/blog\/wp-json\/wp\/v2\/comments?post=8930"}],"version-history":[{"count":51,"href":"https:\/\/www.pedrazagomez.com\/blog\/wp-json\/wp\/v2\/pages\/8930\/revisions"}],"predecessor-version":[{"id":248396,"href":"https:\/\/www.pedrazagomez.com\/blog\/wp-json\/wp\/v2\/pages\/8930\/revisions\/248396"}],"wp:attachment":[{"href":"https:\/\/www.pedrazagomez.com\/blog\/wp-json\/wp\/v2\/media?parent=8930"}],"curies":[{"name":"wp","href":"https:\/\/api.w.org\/{rel}","templated":true}]}}